{"id":803,"date":"2020-04-03T09:20:24","date_gmt":"2020-04-03T09:20:24","guid":{"rendered":"http:\/\/campingmontech.local\/?page_id=803"},"modified":"2026-03-02T09:11:27","modified_gmt":"2026-03-02T09:11:27","slug":"mentions-legales","status":"publish","type":"page","link":"https:\/\/www.camping-montech.fr\/en\/mentions-legales\/","title":{"rendered":"Legal Notice"},"content":{"rendered":"<p>[et_pb_section fb_built=\u00a0\u00bb1&Prime; admin_label=\u00a0\u00bbSection\u00a0\u00bb _builder_version=\u00a0\u00bb4.27.5&Prime; _module_preset=\u00a0\u00bbdefault\u00a0\u00bb width=\u00a0\u00bb80%\u00a0\u00bb width_tablet=\u00a0\u00bb100%\u00a0\u00bb width_phone=\u00a0\u00bb100%\u00a0\u00bb width_last_edited=\u00a0\u00bbon|tablet\u00a0\u00bb custom_margin=\u00a0\u00bb0px||0px||false|false\u00a0\u00bb custom_padding=\u00a0\u00bb0px||0px||false|false\u00a0\u00bb hover_enabled=\u00a0\u00bb0&Prime; da_is_popup=\u00a0\u00bboff\u00a0\u00bb da_popup_slug=\u00a0\u00bbmentionslegales\u00a0\u00bb da_is_singular=\u00a0\u00bboff\u00a0\u00bb da_disable_devices=\u00a0\u00bboff|off|off\u00a0\u00bb global_colors_info=\u00a0\u00bb{}\u00a0\u00bb locked=\u00a0\u00bboff\u00a0\u00bb da_exit_intent=\u00a0\u00bboff\u00a0\u00bb da_has_close=\u00a0\u00bbon\u00a0\u00bb da_alt_close=\u00a0\u00bboff\u00a0\u00bb da_dark_close=\u00a0\u00bboff\u00a0\u00bb da_not_modal=\u00a0\u00bbon\u00a0\u00bb da_with_loader=\u00a0\u00bboff\u00a0\u00bb da_has_shadow=\u00a0\u00bbon\u00a0\u00bb sticky_enabled=\u00a0\u00bb0&Prime;][et_pb_row _builder_version=\u00a0\u00bb4.27.4&Prime; _module_preset=\u00a0\u00bbdefault\u00a0\u00bb custom_padding=\u00a0\u00bb||||false|false\u00a0\u00bb global_colors_info=\u00a0\u00bb{}\u00a0\u00bb theme_builder_area=\u00a0\u00bbet_footer_layout\u00a0\u00bb][et_pb_column type=\u00a0\u00bb4_4&Prime; _builder_version=\u00a0\u00bb4.27.4&Prime; _module_preset=\u00a0\u00bbdefault\u00a0\u00bb global_colors_info=\u00a0\u00bb{}\u00a0\u00bb theme_builder_area=\u00a0\u00bbet_footer_layout\u00a0\u00bb][et_pb_text _builder_version=\u00a0\u00bb4.27.4&Prime; _module_preset=\u00a0\u00bbdefault\u00a0\u00bb text_font=\u00a0\u00bbBarlow Condensed|600||on|||||\u00a0\u00bb text_text_color=\u00a0\u00bb#000000&Prime; text_font_size=\u00a0\u00bb80px\u00a0\u00bb text_line_height=\u00a0\u00bb1em\u00a0\u00bb custom_margin=\u00a0\u00bb30px||30px||true|false\u00a0\u00bb custom_padding=\u00a0\u00bb||15px||false|false\u00a0\u00bb text_font_size_tablet=\u00a0\u00bb37px\u00a0\u00bb text_font_size_phone=\u00a0\u00bb45px\u00a0\u00bb text_font_size_last_edited=\u00a0\u00bbon|phone\u00a0\u00bb global_colors_info=\u00a0\u00bb{}\u00a0\u00bb theme_builder_area=\u00a0\u00bbet_footer_layout\u00a0\u00bb]<\/p>\n<p>MENTIONS LEGALES<\/p>\n<p>[\/et_pb_text][et_pb_text _builder_version=\u00a0\u00bb4.27.5&Prime; _module_preset=\u00a0\u00bbdefault\u00a0\u00bb text_font=\u00a0\u00bbBarlow Condensed|600||on|||||\u00a0\u00bb text_text_color=\u00a0\u00bb#000000&Prime; text_font_size=\u00a0\u00bb40px\u00a0\u00bb custom_margin=\u00a0\u00bb||||true|false\u00a0\u00bb custom_padding=\u00a0\u00bb||||false|false\u00a0\u00bb text_font_tablet=\u00a0\u00bbBarlow Condensed|600||on|||||\u00a0\u00bb text_font_phone=\u00a0\u00bbBarlow Condensed|600||on|||||\u00a0\u00bb text_font_last_edited=\u00a0\u00bbon|desktop\u00a0\u00bb text_font_size_tablet=\u00a0\u00bb40px\u00a0\u00bb text_font_size_phone=\u00a0\u00bb25px\u00a0\u00bb text_font_size_last_edited=\u00a0\u00bbon|desktop\u00a0\u00bb global_colors_info=\u00a0\u00bb{}\u00a0\u00bb theme_builder_area=\u00a0\u00bbet_footer_layout\u00a0\u00bb]<\/p>\n<p>Introduction<\/p>\n<p>[\/et_pb_text][et_pb_text _builder_version=\u00a0\u00bb4.27.4&Prime; _module_preset=\u00a0\u00bbdefault\u00a0\u00bb text_text_color=\u00a0\u00bb#3f3f3f\u00a0\u00bb text_font_size=\u00a0\u00bb16px\u00a0\u00bb global_colors_info=\u00a0\u00bb{}\u00a0\u00bb theme_builder_area=\u00a0\u00bbet_footer_layout\u00a0\u00bb]<\/p>\n<p style=\"text-align: justify;\">Le Site Internet<span> https:\/\/www.camping-montech.fr\/<\/span><span>\u00a0<\/span>est \u00e9dit\u00e9 et exploit\u00e9 par la mairie de Montech, SIRET N\u00b021820125900106 , dont l&rsquo;adresse est au 1 place de la mairie, 82700 Montech, repr\u00e9sent\u00e9e par son Maire, M. Jacques Moignard.<\/p>\n<p>Le Directeur de la publication du Site est M. Jacques Moignard, Maire de la commune de Montech.<br \/>L&rsquo;h\u00e9bergement de ce Site Internet est assur\u00e9 par<span>\u00a0<\/span><span class=\"placeholder\">OVH &#8211; 2, rue Kellermann, 59100 Roubaix.<\/span><\/p>\n<p>[\/et_pb_text][et_pb_text _builder_version=\u00a0\u00bb4.27.4&Prime; _module_preset=\u00a0\u00bbdefault\u00a0\u00bb text_font=\u00a0\u00bbBarlow Condensed|600||on|||||\u00a0\u00bb text_text_color=\u00a0\u00bb#000000&Prime; text_font_size=\u00a0\u00bb40px\u00a0\u00bb custom_margin=\u00a0\u00bb||||true|false\u00a0\u00bb custom_padding=\u00a0\u00bb||||false|false\u00a0\u00bb text_font_tablet=\u00a0\u00bbBarlow Condensed|600||on|||||\u00a0\u00bb text_font_phone=\u00a0\u00bbBarlow Condensed|600||on|||||\u00a0\u00bb text_font_last_edited=\u00a0\u00bbon|desktop\u00a0\u00bb text_font_size_tablet=\u00a0\u00bb40px\u00a0\u00bb text_font_size_phone=\u00a0\u00bb25px\u00a0\u00bb text_font_size_last_edited=\u00a0\u00bbon|desktop\u00a0\u00bb global_colors_info=\u00a0\u00bb{}\u00a0\u00bb theme_builder_area=\u00a0\u00bbet_footer_layout\u00a0\u00bb]<\/p>\n<p>Propri\u00e9t\u00e9 intellectuelle<\/p>\n<p>[\/et_pb_text][et_pb_text _builder_version=\u00a0\u00bb4.27.4&Prime; _module_preset=\u00a0\u00bbdefault\u00a0\u00bb text_text_color=\u00a0\u00bb#3f3f3f\u00a0\u00bb text_font_size=\u00a0\u00bb16px\u00a0\u00bb global_colors_info=\u00a0\u00bb{}\u00a0\u00bb theme_builder_area=\u00a0\u00bbet_footer_layout\u00a0\u00bb]<\/p>\n<p style=\"text-align: justify;\">L\u2019ensemble du contenu pr\u00e9sent sur ce site (textes, images, graphismes, logos, vid\u00e9os, etc.) est la propri\u00e9t\u00e9 de la Mairie de Montech, sauf mention contraire.<\/p>\n<p>Toute reproduction, modification, distribution ou exploitation, totale ou partielle, de ce contenu sans autorisation pr\u00e9alable est interdite et constitue une contrefa\u00e7on sanctionn\u00e9e par le Code de la propri\u00e9t\u00e9 intellectuelle.<\/p>\n<p>[\/et_pb_text][et_pb_text _builder_version=\u00a0\u00bb4.27.4&Prime; _module_preset=\u00a0\u00bbdefault\u00a0\u00bb text_font=\u00a0\u00bbBarlow Condensed|600||on|||||\u00a0\u00bb text_text_color=\u00a0\u00bb#000000&Prime; text_font_size=\u00a0\u00bb40px\u00a0\u00bb custom_margin=\u00a0\u00bb||||true|false\u00a0\u00bb custom_padding=\u00a0\u00bb||||false|false\u00a0\u00bb text_font_tablet=\u00a0\u00bbBarlow Condensed|600||on|||||\u00a0\u00bb text_font_phone=\u00a0\u00bbBarlow Condensed|600||on|||||\u00a0\u00bb text_font_last_edited=\u00a0\u00bbon|desktop\u00a0\u00bb text_font_size_tablet=\u00a0\u00bb40px\u00a0\u00bb text_font_size_phone=\u00a0\u00bb25px\u00a0\u00bb text_font_size_last_edited=\u00a0\u00bbon|desktop\u00a0\u00bb global_colors_info=\u00a0\u00bb{}\u00a0\u00bb theme_builder_area=\u00a0\u00bbet_footer_layout\u00a0\u00bb]<\/p>\n<p>Protection des donn\u00e9es personnelles<\/p>\n<p>[\/et_pb_text][et_pb_text _builder_version=\u00a0\u00bb4.27.4&Prime; _module_preset=\u00a0\u00bbdefault\u00a0\u00bb text_text_color=\u00a0\u00bb#3f3f3f\u00a0\u00bb text_font_size=\u00a0\u00bb16px\u00a0\u00bb global_colors_info=\u00a0\u00bb{}\u00a0\u00bb theme_builder_area=\u00a0\u00bbet_footer_layout\u00a0\u00bb]<\/p>\n<p style=\"text-align: justify;\">Conform\u00e9ment \u00e0 la loi n\u00b078-17 du 6 janvier 1978 relative \u00e0 l&rsquo;informatique, aux fichiers et aux libert\u00e9s, et au R\u00e8glement G\u00e9n\u00e9ral sur la Protection des Donn\u00e9es (RGPD), vous disposez d\u2019un droit d\u2019acc\u00e8s, de rectification, de suppression et de portabilit\u00e9 des donn\u00e9es vous concernant.<\/p>\n<p>Pour exercer ces droits, veuillez adresser votre demande \u00e0 :<br \/>Email : contact@camping-montech.fr<br \/>Adresse : 1 Place de la Mairie, 82700 Montech, France<\/p>\n<p>Les donn\u00e9es collect\u00e9es sur ce site (formulaires de contact, r\u00e9servations, etc.) sont utilis\u00e9es uniquement dans le cadre des services propos\u00e9s par le camping municipal et ne sont en aucun cas c\u00e9d\u00e9es \u00e0 des tiers sans consentement explicite.<\/p>\n<p>[\/et_pb_text][et_pb_text _builder_version=\u00a0\u00bb4.27.4&Prime; _module_preset=\u00a0\u00bbdefault\u00a0\u00bb text_font=\u00a0\u00bbBarlow Condensed|600||on|||||\u00a0\u00bb text_text_color=\u00a0\u00bb#000000&Prime; text_font_size=\u00a0\u00bb40px\u00a0\u00bb custom_margin=\u00a0\u00bb||||true|false\u00a0\u00bb custom_padding=\u00a0\u00bb||||false|false\u00a0\u00bb text_font_tablet=\u00a0\u00bbBarlow Condensed|600||on|||||\u00a0\u00bb text_font_phone=\u00a0\u00bbBarlow Condensed|600||on|||||\u00a0\u00bb text_font_last_edited=\u00a0\u00bbon|desktop\u00a0\u00bb text_font_size_tablet=\u00a0\u00bb40px\u00a0\u00bb text_font_size_phone=\u00a0\u00bb25px\u00a0\u00bb text_font_size_last_edited=\u00a0\u00bbon|desktop\u00a0\u00bb global_colors_info=\u00a0\u00bb{}\u00a0\u00bb theme_builder_area=\u00a0\u00bbet_footer_layout\u00a0\u00bb]<\/p>\n<p>Cookies<\/p>\n<p>[\/et_pb_text][et_pb_text _builder_version=\u00a0\u00bb4.27.4&Prime; _module_preset=\u00a0\u00bbdefault\u00a0\u00bb text_text_color=\u00a0\u00bb#3f3f3f\u00a0\u00bb text_font_size=\u00a0\u00bb16px\u00a0\u00bb global_colors_info=\u00a0\u00bb{}\u00a0\u00bb theme_builder_area=\u00a0\u00bbet_footer_layout\u00a0\u00bb]<\/p>\n<p style=\"text-align: justify;\">Ce site utilise des cookies pour am\u00e9liorer votre exp\u00e9rience utilisateur. Vous pouvez g\u00e9rer vos pr\u00e9f\u00e9rences de cookies \u00e0 tout moment via les param\u00e8tres de votre navigateur ou un outil de gestion des cookies disponible sur le site.<\/p>\n<p>[\/et_pb_text][et_pb_text _builder_version=\u00a0\u00bb4.27.4&Prime; _module_preset=\u00a0\u00bbdefault\u00a0\u00bb text_font=\u00a0\u00bbBarlow Condensed|600||on|||||\u00a0\u00bb text_text_color=\u00a0\u00bb#000000&Prime; text_font_size=\u00a0\u00bb40px\u00a0\u00bb custom_margin=\u00a0\u00bb||||true|false\u00a0\u00bb custom_padding=\u00a0\u00bb||||false|false\u00a0\u00bb text_font_tablet=\u00a0\u00bbBarlow Condensed|600||on|||||\u00a0\u00bb text_font_phone=\u00a0\u00bbBarlow Condensed|600||on|||||\u00a0\u00bb text_font_last_edited=\u00a0\u00bbon|desktop\u00a0\u00bb text_font_size_tablet=\u00a0\u00bb40px\u00a0\u00bb text_font_size_phone=\u00a0\u00bb25px\u00a0\u00bb text_font_size_last_edited=\u00a0\u00bbon|desktop\u00a0\u00bb global_colors_info=\u00a0\u00bb{}\u00a0\u00bb theme_builder_area=\u00a0\u00bbet_footer_layout\u00a0\u00bb]<\/p>\n<p>Liens hypertextes<\/p>\n<p>[\/et_pb_text][et_pb_text _builder_version=\u00a0\u00bb4.27.4&Prime; _module_preset=\u00a0\u00bbdefault\u00a0\u00bb text_text_color=\u00a0\u00bb#3f3f3f\u00a0\u00bb text_font_size=\u00a0\u00bb16px\u00a0\u00bb global_colors_info=\u00a0\u00bb{}\u00a0\u00bb theme_builder_area=\u00a0\u00bbet_footer_layout\u00a0\u00bb]<\/p>\n<p style=\"text-align: justify;\">Tout lien hypertexte qui serait mis en \u0153uvre au sein du Site<span> https:\/\/www.camping-montech.fr\/<\/span><span>\u00a0<\/span>en direction d&rsquo;autres Sites et\/ou de pages personnelles et d&rsquo;une mani\u00e8re g\u00e9n\u00e9rale vers toutes ressources existantes sur Internet ne saurait engager la responsabilit\u00e9 de la mairie de Montech.<\/p>\n<p>La mairie de Montech ne peut \u00eatre en aucun cas responsable du contenu, des informations, des services et des produits que l&rsquo;internaute pourrait trouver sur le Site ayant fait l&rsquo;objet d&rsquo;un lien hypertexte \u00e0 partir de l&rsquo;adresse<span> https:\/\/www.camping-montech.fr\/<\/span>.<\/p>\n<p>[\/et_pb_text][et_pb_text _builder_version=\u00a0\u00bb4.27.5&Prime; _module_preset=\u00a0\u00bbdefault\u00a0\u00bb text_font=\u00a0\u00bbBarlow Condensed|600||on|||||\u00a0\u00bb text_text_color=\u00a0\u00bb#000000&Prime; text_font_size=\u00a0\u00bb40px\u00a0\u00bb custom_margin=\u00a0\u00bb||||true|false\u00a0\u00bb custom_padding=\u00a0\u00bb||||false|false\u00a0\u00bb text_font_tablet=\u00a0\u00bbBarlow Condensed|600||on|||||\u00a0\u00bb text_font_phone=\u00a0\u00bbBarlow Condensed|600||on|||||\u00a0\u00bb text_font_last_edited=\u00a0\u00bbon|desktop\u00a0\u00bb text_font_size_tablet=\u00a0\u00bb40px\u00a0\u00bb text_font_size_phone=\u00a0\u00bb25px\u00a0\u00bb text_font_size_last_edited=\u00a0\u00bbon|desktop\u00a0\u00bb global_colors_info=\u00a0\u00bb{}\u00a0\u00bb theme_builder_area=\u00a0\u00bbet_footer_layout\u00a0\u00bb]<span style=\"color: #fffff;\">Responsabilit\u00e9<\/span>[\/et_pb_text][et_pb_text _builder_version=\u00a0\u00bb4.27.4&Prime; _module_preset=\u00a0\u00bbdefault\u00a0\u00bb text_text_color=\u00a0\u00bb#3f3f3f\u00a0\u00bb text_font_size=\u00a0\u00bb16px\u00a0\u00bb custom_margin=\u00a0\u00bb||20px||false|false\u00a0\u00bb global_colors_info=\u00a0\u00bb{}\u00a0\u00bb theme_builder_area=\u00a0\u00bbet_footer_layout\u00a0\u00bb]<\/p>\n<p style=\"text-align: justify;\">La Mairie de Montech s\u2019efforce de maintenir les informations pr\u00e9sentes sur ce site \u00e0 jour et exactes. Cependant, elle ne saurait \u00eatre tenue responsable des \u00e9ventuelles erreurs ou omissions, ni des cons\u00e9quences de l\u2019utilisation de ces informations.<\/p>\n<p>[\/et_pb_text][\/et_pb_column][\/et_pb_row][\/et_pb_section]<\/p>\n","protected":false},"excerpt":{"rendered":"<p>MENTIONS LEGALESIntroductionLe Site Internet https:\/\/www.camping-montech.fr\/\u00a0est \u00e9dit\u00e9 et exploit\u00e9 par la mairie de Montech, SIRET N\u00b021820125900106 , dont l&rsquo;adresse est au 1 place de la mairie, 82700 Montech, repr\u00e9sent\u00e9e par son Maire, M. Jacques Moignard. Le Directeur de la publication du Site est M. Jacques Moignard, Maire de la commune de Montech.L&rsquo;h\u00e9bergement de ce Site Internet [&hellip;]<\/p>\n","protected":false},"author":1,"featured_media":0,"parent":0,"menu_order":0,"comment_status":"closed","ping_status":"closed","template":"","meta":{"_et_pb_use_builder":"on","_et_pb_old_content":"<h2>Informations l\u00e9gales<\/h2>\t\t\n\t\t<p><strong>Editeur:<\/strong><\/p><p>Directeur de la publication: Jacques MOIGNARD, Maire de Montech.<br \/>Pour toute suggestion, information, r\u00e9action concernant ce site, n'h\u00e9sitez pas \u00e0 \u00e9crire au webmaster: Service communication<\/p><p><strong>D\u00e9veloppement:\u00a0<\/strong><\/p><p>Service communication - Mairie de Montech<\/p><p><strong>Graphisme:<\/strong><\/p><p>Service communication - Mairie de Montech<\/p><p><strong>H\u00e9bergement:\u00a0<\/strong><\/p><p>Plateforme OVH<\/p><p><strong>Cr\u00e9dit Photographique:<\/strong><\/p><p>Service communication - Mairie de Montech<br \/><\/p>\t\t\n\t\t\t<h2>informations G\u00e9n\u00e9rales<\/h2>\t\t\n\t\t<p><strong>Sources documentaires:<\/strong><\/p><p>Le contenu des pages du site \u00e0 \u00e9t\u00e9 r\u00e9dig\u00e9 \u00e0 partir des sources documentaires suivantes:<br \/>-Documents de la Mairie de Montech<br \/>-Documents du Camping de Montech<\/p>\t\t\n\t\t\t<h2>informations techniques<\/h2>\t\t\n\t\t<p><strong>Accessibilit\u00e9:<\/strong><\/p><p>Ce site se conforme aux standards HTML et CSS.<br \/>Tous les contenus en Flash sont \u00e9galement consultables en version HTML.<br \/>L'affichage des pages du site est optimis\u00e9 pour un r\u00e9solution d'\u00e9cran de 1920 x 1080.<\/p>\t\t\n\t\t\t<h2>L'utilisateur<\/h2>\t\t\n\t\t<p>L'utilisateur du site s'engage pour sa part \u00e0 respecter les r\u00e8gles suivantes:<\/p><p><strong>Copyright (\u00a9Service Communication de la Mairie de Montech, 2020)<\/strong><\/p><p>Pour un usage priv\u00e9, la reproduction partielle sur support papier des donn\u00e9es textuelles contenues sur le site est libre.<br \/>Elle peut \u00eatre r\u00e9alis\u00e9e sans autorisation de l\u00e9diteur du site. Cette reproduction ne peut cependant \u00eatre pr\u00e9sent\u00e9e comme une version officielle.<\/p><p><strong>Cr\u00e9ation de liens hypertextes:<\/strong><\/p><p>Il est possible de cr\u00e9er un lien vers le site sans autorisation expresse de l'\u00e9diteur, \u00e0 la seule condition que ce lien ouvre une nouvelle fen\u00eatre du navigateur Internet. Toutefois, l'\u00e9diteur se r\u00e9serve le droit de demander la suppression d'un lien qu'il estime non conforme \u00e0 sa politique \u00e9ditoriale.<\/p>\t\t\n\t\t\t<h2>L'\u00e9diteur<\/h2>\t\t\n\t\t<p>L'\u00e9diteur du site est repr\u00e9sent\u00e9 par Monsieur le Maire de la ville de Montech.<\/p><p><strong>Clause de non responsabilit\u00e9<\/strong><\/p><p>Les informations qui figurent sur ce site font l'objet d'une clause de non responsabilit\u00e9.<br \/>L'\u00e9diteur s'efforcera de diffuser des informations exactes et \u00e0 jour, ainsi que de corriger les erreurs qui lui seront signal\u00e9es.<br \/>Monsieur le Maire de Montech ne peut toutefois garantir l'exactitude de toutes les informations pr\u00e9sentes et par cons\u00e9quent, d\u00e9cline toute responsabilit\u00e9 quant \u00e0 son contenu.<\/p>","_et_gb_content_width":"","footnotes":""},"class_list":["post-803","page","type-page","status-publish","hentry"],"_links":{"self":[{"href":"https:\/\/www.camping-montech.fr\/en\/wp-json\/wp\/v2\/pages\/803","targetHints":{"allow":["GET"]}}],"collection":[{"href":"https:\/\/www.camping-montech.fr\/en\/wp-json\/wp\/v2\/pages"}],"about":[{"href":"https:\/\/www.camping-montech.fr\/en\/wp-json\/wp\/v2\/types\/page"}],"author":[{"embeddable":true,"href":"https:\/\/www.camping-montech.fr\/en\/wp-json\/wp\/v2\/users\/1"}],"replies":[{"embeddable":true,"href":"https:\/\/www.camping-montech.fr\/en\/wp-json\/wp\/v2\/comments?post=803"}],"version-history":[{"count":0,"href":"https:\/\/www.camping-montech.fr\/en\/wp-json\/wp\/v2\/pages\/803\/revisions"}],"wp:attachment":[{"href":"https:\/\/www.camping-montech.fr\/en\/wp-json\/wp\/v2\/media?parent=803"}],"curies":[{"name":"wp","href":"https:\/\/api.w.org\/{rel}","templated":true}]}}